{"id":264,"date":"2026-01-15T20:55:56","date_gmt":"2026-01-15T20:55:56","guid":{"rendered":"https:\/\/www.hopevisionnetwork.com\/?page_id=264"},"modified":"2026-02-12T21:23:54","modified_gmt":"2026-02-12T21:23:54","slug":"portfolio","status":"publish","type":"page","link":"https:\/\/www.hopevisionnetwork.com\/index.php\/portfolio\/","title":{"rendered":"Portafolio"},"content":{"rendered":"\n<div class=\"wp-block-stackable-columns alignfull stk-block-columns stk-block stk-be70983\" data-block-id=\"be70983\"><style>.stk-be70983 {margin-top:var(--stk--preset--spacing--70, 3.38rem) !important;margin-bottom:var(--stk--preset--spacing--70, 3.38rem) !important;}<\/style><div class=\"stk-row stk-inner-blocks stk-block-content stk-content-align stk-be70983-column alignwide\">\n<div class=\"wp-block-stackable-column stk-block-column stk-column stk-block stk-ae21695\" data-v=\"4\" data-block-id=\"ae21695\"><div class=\"stk-column-wrapper stk-block-column__content stk-container stk-ae21695-container stk--no-background stk--no-padding\"><div class=\"stk-block-content stk-inner-blocks stk-ae21695-inner-blocks\">\n<div class=\"wp-block-stackable-heading stk-block-heading stk-block-heading--v2 stk-block stk-556529a\" id=\"heading-placeholder\" data-block-id=\"556529a\"><h2 class=\"stk-block-heading__text has-text-align-center\">Dise\u00f1os de P\u00e1ginas Web<\/h2><\/div>\n\n\n\n<div class=\"wp-block-stackable-carousel stk-block-carousel stk--is-slide stk--arrows-justify-space-between stk--arrows-align-center stk-block stk-c2a6ef9\" data-slides-to-show=\"1\" data-block-id=\"c2a6ef9\"><style>.stk-c2a6ef9 {--slides-to-show:1 !important;--gap:30px !important;}@media screen and (max-width:689px){.stk-c2a6ef9 {--slides-to-show:1 !important;}}<\/style><div class=\"stk-block-carousel__content-wrapper\"><div class=\"stk-row stk-inner-blocks stk-block-content stk-block-carousel__slider-wrapper stk-content-align stk-c2a6ef9-column\"><div class=\"stk-block-carousel__slider\" role=\"list\" data-autoplay=\"4000\" data-label-slide-of=\"Slide %%d of %%d\" tabindex=\"0\">\n<div class=\"wp-block-stackable-column stk-block-column stk-column stk-block stk-8f32c88\" data-v=\"4\" data-block-id=\"8f32c88\"><div class=\"stk-column-wrapper stk-block-column__content stk-container stk-8f32c88-container stk--no-background stk--no-padding\"><div class=\"stk-block-content stk-inner-blocks stk-8f32c88-inner-blocks\">\n<div class=\"wp-block-stackable-image stk-block-image stk-block stk-99fe404\" data-block-id=\"99fe404\"><style>.stk-99fe404 .stk-img-wrapper{aspect-ratio:16\/9 !important;width:100% !important;height:auto !important;}@media screen and (max-width:999px){.stk-99fe404 .stk-img-wrapper{height:auto !important;}}@media screen and (max-width:689px){.stk-99fe404 .stk-img-wrapper{height:auto !important;}}<\/style><figure><span class=\"stk-img-wrapper stk-image--shape-stretch\"><img loading=\"lazy\" decoding=\"async\" class=\"stk-img wp-image-627\" src=\"https:\/\/www.hopevisionnetwork.com\/wp-content\/uploads\/2026\/02\/Captura-1.png\" width=\"1366\" height=\"699\" srcset=\"https:\/\/www.hopevisionnetwork.com\/wp-content\/uploads\/2026\/02\/Captura-1.png 1366w, https:\/\/www.hopevisionnetwork.com\/wp-content\/uploads\/2026\/02\/Captura-1-300x154.png 300w, https:\/\/www.hopevisionnetwork.com\/wp-content\/uploads\/2026\/02\/Captura-1-1024x524.png 1024w, https:\/\/www.hopevisionnetwork.com\/wp-content\/uploads\/2026\/02\/Captura-1-768x393.png 768w\" sizes=\"(max-width: 1366px) 100vw, 1366px\" \/><\/span><\/figure><\/div>\n\n\n\n<div class=\"wp-block-stackable-heading stk-block-heading stk-block-heading--v2 stk-block stk-1b25624\" id=\"title-1-placeholder\" data-block-id=\"1b25624\"><h3 class=\"stk-block-heading__text has-text-align-center\"><\/h3><\/div>\n<\/div><\/div><\/div>\n\n\n\n<div class=\"wp-block-stackable-column stk-block-column stk-column stk-block stk-5c7506f\" data-v=\"4\" data-block-id=\"5c7506f\"><div class=\"stk-column-wrapper stk-block-column__content stk-container stk-5c7506f-container stk--no-background stk--no-padding\"><div class=\"stk-block-content stk-inner-blocks stk-5c7506f-inner-blocks\">\n<div class=\"wp-block-stackable-image stk-block-image stk-block stk-57c39bc\" data-block-id=\"57c39bc\"><style>.stk-57c39bc .stk-img-wrapper{aspect-ratio:16\/9 !important;width:100% !important;height:auto !important;}@media screen and (max-width:999px){.stk-57c39bc .stk-img-wrapper{height:auto !important;}}@media screen and (max-width:689px){.stk-57c39bc .stk-img-wrapper{height:auto !important;}}<\/style><figure><span class=\"stk-img-wrapper stk-image--shape-stretch\"><img loading=\"lazy\" decoding=\"async\" class=\"stk-img wp-image-628\" src=\"https:\/\/www.hopevisionnetwork.com\/wp-content\/uploads\/2026\/02\/Captura-2.png\" width=\"1366\" height=\"699\" srcset=\"https:\/\/www.hopevisionnetwork.com\/wp-content\/uploads\/2026\/02\/Captura-2.png 1366w, https:\/\/www.hopevisionnetwork.com\/wp-content\/uploads\/2026\/02\/Captura-2-300x154.png 300w, https:\/\/www.hopevisionnetwork.com\/wp-content\/uploads\/2026\/02\/Captura-2-1024x524.png 1024w, https:\/\/www.hopevisionnetwork.com\/wp-content\/uploads\/2026\/02\/Captura-2-768x393.png 768w\" sizes=\"(max-width: 1366px) 100vw, 1366px\" \/><\/span><\/figure><\/div>\n\n\n\n<div class=\"wp-block-stackable-heading stk-block-heading stk-block-heading--v2 stk-block stk-c774df9\" id=\"title-2-placeholder\" data-block-id=\"c774df9\"><h3 class=\"stk-block-heading__text has-text-align-center\"><\/h3><\/div>\n<\/div><\/div><\/div>\n\n\n\n<div class=\"wp-block-stackable-column stk-block-column stk-column stk-block stk-bb649bb\" data-v=\"4\" data-block-id=\"bb649bb\"><div class=\"stk-column-wrapper stk-block-column__content stk-container stk-bb649bb-container stk--no-background stk--no-padding\"><div class=\"stk-block-content stk-inner-blocks stk-bb649bb-inner-blocks\">\n<div class=\"wp-block-stackable-image stk-block-image stk-block stk-c817a71\" data-block-id=\"c817a71\"><style>.stk-c817a71 .stk-img-wrapper{aspect-ratio:16\/9 !important;height:auto !important;}@media screen and (max-width:999px){.stk-c817a71 .stk-img-wrapper{height:auto !important;}}@media screen and (max-width:689px){.stk-c817a71 .stk-img-wrapper{height:auto !important;}}<\/style><figure><span class=\"stk-img-wrapper stk-image--shape-stretch\"><img loading=\"lazy\" decoding=\"async\" class=\"stk-img wp-image-629\" src=\"https:\/\/www.hopevisionnetwork.com\/wp-content\/uploads\/2026\/02\/Captura-3.png\" width=\"1366\" height=\"698\" srcset=\"https:\/\/www.hopevisionnetwork.com\/wp-content\/uploads\/2026\/02\/Captura-3.png 1366w, https:\/\/www.hopevisionnetwork.com\/wp-content\/uploads\/2026\/02\/Captura-3-300x153.png 300w, https:\/\/www.hopevisionnetwork.com\/wp-content\/uploads\/2026\/02\/Captura-3-1024x523.png 1024w, https:\/\/www.hopevisionnetwork.com\/wp-content\/uploads\/2026\/02\/Captura-3-768x392.png 768w\" sizes=\"(max-width: 1366px) 100vw, 1366px\" \/><\/span><\/figure><\/div>\n\n\n\n<div class=\"wp-block-stackable-heading stk-block-heading stk-block-heading--v2 stk-block stk-42658dc\" id=\"title-3-placeholder\" data-block-id=\"42658dc\"><h3 class=\"stk-block-heading__text has-text-align-center\"><\/h3><\/div>\n<\/div><\/div><\/div>\n<\/div><div class=\"stk-block-carousel__buttons\"><button class=\"stk-block-carousel__button stk-block-carousel__button__prev\" aria-label=\"Previous slide\"><svg aria-hidden=\"true\" focusable=\"false\" data-prefix=\"fas\" data-icon=\"chevron-left\" class=\"svg-inline--fa fa-chevron-left\" xmlns=\"http:\/\/www.w3.org\/2000\/svg\" viewBox=\"0 0 320 512\" width=\"32\" height=\"32\"><path d=\"M34.52 239.03L228.87 44.69c9.37-9.37 24.57-9.37 33.94 0l22.67 22.67c9.36 9.36 9.37 24.52.04 33.9L131.49 256l154.02 154.75c9.34 9.38 9.32 24.54-.04 33.9l-22.67 22.67c-9.37 9.37-24.57 9.37-33.94 0L34.52 272.97c-9.37-9.37-9.37-24.57 0-33.94z\"><\/path><\/svg><\/button><button class=\"stk-block-carousel__button stk-block-carousel__button__next\" aria-label=\"Next slide\"><svg aria-hidden=\"true\" focusable=\"false\" data-prefix=\"fas\" data-icon=\"chevron-right\" class=\"svg-inline--fa fa-chevron-right\" xmlns=\"http:\/\/www.w3.org\/2000\/svg\" viewBox=\"0 0 320 512\" width=\"32\" height=\"32\"><path d=\"M285.476 272.971L91.132 467.314c-9.373 9.373-24.569 9.373-33.941 0l-22.667-22.667c-9.357-9.357-9.375-24.522-.04-33.901L188.505 256 34.484 101.255c-9.335-9.379-9.317-24.544.04-33.901l22.667-22.667c9.373-9.373 24.569-9.373 33.941 0L285.475 239.03c9.373 9.372 9.373 24.568.001 33.941z\"><\/path><\/svg><\/button><\/div><\/div><div class=\"stk-block-carousel__dots\" role=\"list\" data-label=\"Slide %%d\"><\/div><\/div><\/div>\n<\/div><\/div><\/div>\n<\/div><\/div>\n\n\n\n<p class=\"has-text-align-center has-black-color has-text-color has-link-color has-x-large-font-size wp-elements-194f66562763a9f58d1862961700a33d\"><strong>Creaci\u00f3n de Video<\/strong>s <strong>Publicitarios<\/strong><\/p>\n\n\n\n<p class=\"has-text-align-center has-medium-font-size\">Aqu\u00ed te dejamos una peque\u00f1a muestra del trabajo de edici\u00f3n de videos personalizados especialmente para nuestros clientes.<\/p>\n\n\n\n<figure class=\"wp-block-embed is-type-video is-provider-youtube wp-block-embed-youtube wp-embed-aspect-16-9 wp-has-aspect-ratio\"><div class=\"wp-block-embed__wrapper\">\n<iframe loading=\"lazy\" title=\"Video Promocional Centro Influencia | Hope Vision Network\" width=\"1550\" height=\"872\" src=\"https:\/\/www.youtube.com\/embed\/8fjqSW9LvG4?feature=oembed\" frameborder=\"0\" allow=\"accelerometer; autoplay; clipboard-write; encrypted-media; gyroscope; picture-in-picture; web-share\" referrerpolicy=\"strict-origin-when-cross-origin\" allowfullscreen><\/iframe>\n<\/div><\/figure>\n\n\n\n<figure class=\"wp-block-embed is-type-video is-provider-youtube wp-block-embed-youtube wp-embed-aspect-16-9 wp-has-aspect-ratio\"><div class=\"wp-block-embed__wrapper\">\n<iframe loading=\"lazy\" title=\"Video promocional para A&amp;R Trainings | Hope Vision Network\" width=\"1550\" height=\"872\" src=\"https:\/\/www.youtube.com\/embed\/iRAzR9CXNjI?feature=oembed\" frameborder=\"0\" allow=\"accelerometer; autoplay; clipboard-write; encrypted-media; gyroscope; picture-in-picture; web-share\" referrerpolicy=\"strict-origin-when-cross-origin\" allowfullscreen><\/iframe>\n<\/div><\/figure>\n\n\n\n<figure class=\"wp-block-embed is-type-video is-provider-youtube wp-block-embed-youtube wp-embed-aspect-16-9 wp-has-aspect-ratio\"><div class=\"wp-block-embed__wrapper\">\n<iframe loading=\"lazy\" title=\"Hazme un trasplante \u2013 Ever Melgar (Video Musical) | Hope Vision Network\" width=\"1550\" height=\"872\" src=\"https:\/\/www.youtube.com\/embed\/LB13-sTTOO4?feature=oembed\" frameborder=\"0\" allow=\"accelerometer; autoplay; clipboard-write; encrypted-media; gyroscope; picture-in-picture; web-share\" referrerpolicy=\"strict-origin-when-cross-origin\" allowfullscreen><\/iframe>\n<\/div><\/figure>\n\n\n\n\n\n<p><\/p>\n","protected":false},"excerpt":{"rendered":"<p>Dise\u00f1os de P\u00e1ginas Web Creaci\u00f3n de Videos Publicitarios Aqu\u00ed te dejamos una peque\u00f1a muestra del trabajo de edici\u00f3n de videos personalizados especialmente para nuestros clientes.<\/p>\n","protected":false},"author":2,"featured_media":0,"parent":0,"menu_order":4,"comment_status":"closed","ping_status":"closed","template":"","meta":{"saved_in_kubio":true,"footnotes":""},"class_list":["post-264","page","type-page","status-publish","hentry"],"blocksy_meta":[],"kubio_ai_page_context":{"short_desc":"","purpose":"general"},"_links":{"self":[{"href":"https:\/\/www.hopevisionnetwork.com\/index.php\/wp-json\/wp\/v2\/pages\/264","targetHints":{"allow":["GET"]}}],"collection":[{"href":"https:\/\/www.hopevisionnetwork.com\/index.php\/wp-json\/wp\/v2\/pages"}],"about":[{"href":"https:\/\/www.hopevisionnetwork.com\/index.php\/wp-json\/wp\/v2\/types\/page"}],"author":[{"embeddable":true,"href":"https:\/\/www.hopevisionnetwork.com\/index.php\/wp-json\/wp\/v2\/users\/2"}],"replies":[{"embeddable":true,"href":"https:\/\/www.hopevisionnetwork.com\/index.php\/wp-json\/wp\/v2\/comments?post=264"}],"version-history":[{"count":32,"href":"https:\/\/www.hopevisionnetwork.com\/index.php\/wp-json\/wp\/v2\/pages\/264\/revisions"}],"predecessor-version":[{"id":649,"href":"https:\/\/www.hopevisionnetwork.com\/index.php\/wp-json\/wp\/v2\/pages\/264\/revisions\/649"}],"wp:attachment":[{"href":"https:\/\/www.hopevisionnetwork.com\/index.php\/wp-json\/wp\/v2\/media?parent=264"}],"curies":[{"name":"wp","href":"https:\/\/api.w.org\/{rel}","templated":true}]}}