{"id":379,"date":"2026-01-26T21:43:30","date_gmt":"2026-01-26T21:43:30","guid":{"rendered":"https:\/\/www.hopevisionnetwork.com\/?page_id=379"},"modified":"2026-03-25T17:30:23","modified_gmt":"2026-03-25T17:30:23","slug":"sobre-nosotros","status":"publish","type":"page","link":"https:\/\/www.hopevisionnetwork.com\/index.php\/sobre-nosotros\/","title":{"rendered":"Sobre Nosotros"},"content":{"rendered":"\n\n\n\n\n<div class=\"wp-block-group is-layout-constrained wp-block-group-is-layout-constrained\">\n<div class=\"wp-block-group is-layout-constrained wp-container-core-group-is-layout-704e782a wp-block-group-is-layout-constrained\">\n<div class=\"wp-block-group is-layout-constrained wp-block-group-is-layout-constrained\">\n<p class=\"has-medium-font-size\">Trabajar junto a peque\u00f1as empresas y emprendedores que buscan crecer, destacarse y competir con una imagen s\u00f3lida y profesional. Creemos que toda marca, sin importar su tama\u00f1o, tiene el potencial de impactar y conectar con su p\u00fablico.<\/p>\n\n\n\n<p class=\"has-medium-font-size\">Nos enfocamos en branding, dise\u00f1o y marketing digital, creando estrategias visuales y soluciones personalizadas que fortalecen la identidad de cada negocio, mejoran su presencia en l\u00ednea y potencian su crecimiento. Acompa\u00f1amos a nuestros clientes en cada etapa, convirtiendo ideas en marcas claras, atractivas y con prop\u00f3sito<\/p>\n<\/div>\n<\/div>\n<\/div>\n\n\n\n\n\n<p><\/p>\n","protected":false},"excerpt":{"rendered":"<p>Trabajar junto a peque\u00f1as empresas y emprendedores que buscan crecer, destacarse y competir con una imagen s\u00f3lida y profesional. Creemos que toda marca, sin importar su tama\u00f1o, tiene el potencial de impactar y conectar con su p\u00fablico. Nos enfocamos en branding, dise\u00f1o y marketing digital, creando estrategias visuales y soluciones personalizadas que fortalecen la identidad [&hellip;]<\/p>\n","protected":false},"author":2,"featured_media":0,"parent":0,"menu_order":2,"comment_status":"closed","ping_status":"closed","template":"","meta":{"saved_in_kubio":true,"footnotes":""},"class_list":["post-379","page","type-page","status-publish","hentry"],"blocksy_meta":[],"kubio_ai_page_context":{"short_desc":"","purpose":"general"},"_links":{"self":[{"href":"https:\/\/www.hopevisionnetwork.com\/index.php\/wp-json\/wp\/v2\/pages\/379","targetHints":{"allow":["GET"]}}],"collection":[{"href":"https:\/\/www.hopevisionnetwork.com\/index.php\/wp-json\/wp\/v2\/pages"}],"about":[{"href":"https:\/\/www.hopevisionnetwork.com\/index.php\/wp-json\/wp\/v2\/types\/page"}],"author":[{"embeddable":true,"href":"https:\/\/www.hopevisionnetwork.com\/index.php\/wp-json\/wp\/v2\/users\/2"}],"replies":[{"embeddable":true,"href":"https:\/\/www.hopevisionnetwork.com\/index.php\/wp-json\/wp\/v2\/comments?post=379"}],"version-history":[{"count":32,"href":"https:\/\/www.hopevisionnetwork.com\/index.php\/wp-json\/wp\/v2\/pages\/379\/revisions"}],"predecessor-version":[{"id":779,"href":"https:\/\/www.hopevisionnetwork.com\/index.php\/wp-json\/wp\/v2\/pages\/379\/revisions\/779"}],"wp:attachment":[{"href":"https:\/\/www.hopevisionnetwork.com\/index.php\/wp-json\/wp\/v2\/media?parent=379"}],"curies":[{"name":"wp","href":"https:\/\/api.w.org\/{rel}","templated":true}]}}